{"id":17677,"date":"2025-07-07T18:34:17","date_gmt":"2025-07-07T18:34:17","guid":{"rendered":"https:\/\/dmckalip.com\/turkce\/?page_id=17677"},"modified":"2025-07-07T18:36:45","modified_gmt":"2025-07-07T18:36:45","slug":"neden-biz","status":"publish","type":"page","link":"https:\/\/dmckalip.com\/turkce\/neden-biz","title":{"rendered":"Neden Biz?"},"content":{"rendered":"\t\t<div data-elementor-type=\"wp-page\" data-elementor-id=\"17677\" class=\"elementor elementor-17677\">\n\t\t\t\t        <section class=\"elementor-section elementor-top-section elementor-element elementor-element-6fb19c81 elementor-section-stretched elementor-section-full_width elementor-section-height-default elementor-section-height-default pxl-row-scroll-none pxl-zoom-point-false pxl-section-overflow-visible pxl-full-content-with-space-none\" data-id=\"6fb19c81\" data-element_type=\"section\" data-settings=\"{&quot;stretch_section&quot;:&quot;section-stretched&quot;,&quot;background_background&quot;:&quot;video&quot;,&quot;background_video_link&quot;:&quot;https:\\\/\\\/www.youtube.com\\\/watch?v=XDvodJg-Bmc&quot;,&quot;background_video_start&quot;:0,&quot;background_play_on_mobile&quot;:&quot;yes&quot;}\">\n\n                                <div class=\"elementor-background-video-container\">\n                                            <div class=\"elementor-background-video-embed\"><\/div>\n                                        <\/div>\n                            <div class=\"elementor-background-overlay\"><\/div>\n            \n                <div class=\"elementor-container elementor-column-gap-extended \">\n                <div class=\"elementor-column elementor-col-100 elementor-top-column elementor-element elementor-element-3b118bf5 pxl-column-none pxl-column-overflow-hidden-no\" data-id=\"3b118bf5\" data-element_type=\"column\">\r\n        <div class=\"elementor-widget-wrap elementor-element-populated\">\r\n                     \r\n                <section class=\"elementor-section elementor-inner-section elementor-element elementor-element-5a9f58c6 elementor-section-boxed elementor-section-height-default elementor-section-height-default pxl-row-scroll-none pxl-zoom-point-false pxl-section-overflow-visible\" data-id=\"5a9f58c6\" data-element_type=\"section\">\n\n                \n                <div class=\"elementor-container elementor-column-gap-default \">\n                <div class=\"elementor-column elementor-col-100 elementor-inner-column elementor-element elementor-element-31420f46 pxl-column-none pxl-column-overflow-hidden-no\" data-id=\"31420f46\" data-element_type=\"column\">\r\n        <div class=\"elementor-widget-wrap elementor-element-populated\">\r\n                     \r\n        \t\t<div class=\"elementor-element elementor-element-10983b9c elementor-widget elementor-widget-pxl_heading\" data-id=\"10983b9c\" data-element_type=\"widget\" data-widget_type=\"pxl_heading.default\">\n\t\t\t\t<div class=\"elementor-widget-container\">\n\t\t\t\t\t\n<div id=\"pxl-pxl_heading-10983b9c-9999\" class=\"pxl-heading px-sub-title-default-style \">\n\t<div class=\"pxl-heading--inner\">\n\t\t\n\t\t<h3 class=\"pxl-item--title style-default ft-gt highlight-default \" data-wow-delay=\"ms\">\n\t\t\t\t\t\t\tNeden Biz?\t\n\t\t\t\t\n\t\t<\/h3>\n\t\t\n\t<\/div>\n<\/div>\t\t\t\t<\/div>\n\t\t\t\t<\/div>\n\t\t\t\t<div class=\"elementor-element elementor-element-6360de45 elementor-widget elementor-widget-pxl_text_editor\" data-id=\"6360de45\" data-element_type=\"widget\" data-widget_type=\"pxl_text_editor.default\">\n\t\t\t\t<div class=\"elementor-widget-container\">\n\t\t\t\t\t<div class=\"pxl-text-editor\">\n\t<div class=\"pxl-item--inner  \" data-wow-delay=\"ms\">\n\t\tDMC Kal\u0131p ile ileti\u015fime ge\u00e7erek \u00fcr\u00fcnlerimiz, hizmetlerimiz ve i\u015f birli\u011fi f\u0131rsatlar\u0131 hakk\u0131nda detayl\u0131 bilgi alabilirsiniz.\t\t\n\t<\/div>\n<\/div>\t\t\t\t<\/div>\n\t\t\t\t<\/div>\n\t\t\t\t<div class=\"elementor-element elementor-element-26fdff8a elementor-widget-divider--view-line elementor-widget elementor-widget-divider\" data-id=\"26fdff8a\" data-element_type=\"widget\" data-widget_type=\"divider.default\">\n\t\t\t\t<div class=\"elementor-widget-container\">\n\t\t\t\t\t\t\t<div class=\"elementor-divider\">\n\t\t\t<span class=\"elementor-divider-separator\">\n\t\t\t\t\t\t<\/span>\n\t\t<\/div>\n\t\t\t\t\t\t<\/div>\n\t\t\t\t<\/div>\n\t\t\t\t<div class=\"elementor-element elementor-element-3548506d elementor-widget-divider--view-line elementor-widget elementor-widget-divider\" data-id=\"3548506d\" data-element_type=\"widget\" data-widget_type=\"divider.default\">\n\t\t\t\t<div class=\"elementor-widget-container\">\n\t\t\t\t\t\t\t<div class=\"elementor-divider\">\n\t\t\t<span class=\"elementor-divider-separator\">\n\t\t\t\t\t\t<\/span>\n\t\t<\/div>\n\t\t\t\t\t\t<\/div>\n\t\t\t\t<\/div>\n\t\t\t\t<div class=\"elementor-element elementor-element-4533574b elementor-widget elementor-widget-pxl_breadcrumb\" data-id=\"4533574b\" data-element_type=\"widget\" data-widget_type=\"pxl_breadcrumb.default\">\n\t\t\t\t<div class=\"elementor-widget-container\">\n\t\t\t\t\t<div class=\"pxl-breadcrumb-wrap\">\n\t<ul class=\"pxl-breadcrumb\"><li><span class=\"breadcrumb-entry\">Anasayfa<\/span><\/li><\/ul><\/div>\t\t\t\t<\/div>\n\t\t\t\t<\/div>\n\t\t            <\/div>\r\n        <\/div>\r\n        \t\t\t<\/div>\n\t\t<\/section>\n\t\t            <\/div>\r\n        <\/div>\r\n        \t\t\t<\/div>\n\t\t<\/section>\n\t\t        <section class=\"elementor-section elementor-top-section elementor-element elementor-element-447f9c04 elementor-section-full_width elementor-section-stretched elementor-section-height-default elementor-section-height-default pxl-row-scroll-none pxl-zoom-point-false pxl-section-overflow-visible pxl-full-content-with-space-none\" data-id=\"447f9c04\" data-element_type=\"section\" data-settings=\"{&quot;stretch_section&quot;:&quot;section-stretched&quot;,&quot;background_background&quot;:&quot;video&quot;}\">\n\n                \n                <div class=\"elementor-container elementor-column-gap-extended \">\n                <div class=\"elementor-column elementor-col-100 elementor-top-column elementor-element elementor-element-2db0eab7 pxl-column-none pxl-column-overflow-hidden-no\" data-id=\"2db0eab7\" data-element_type=\"column\">\r\n        <div class=\"elementor-widget-wrap elementor-element-populated\">\r\n                     \r\n        \t\t<div class=\"elementor-element elementor-element-b11a119 elementor-widget elementor-widget-image-gallery\" data-id=\"b11a119\" data-element_type=\"widget\" data-widget_type=\"image-gallery.default\">\n\t\t\t\t<div class=\"elementor-widget-container\">\n\t\t\t\t\t\t\t<div class=\"elementor-image-gallery\">\n\t\t\t\n\t\t<style type=\"text\/css\">\n\t\t\t#gallery-1 {\n\t\t\t\tmargin: auto;\n\t\t\t}\n\t\t\t#gallery-1 .gallery-item {\n\t\t\t\tfloat: left;\n\t\t\t\tmargin-top: 10px;\n\t\t\t\ttext-align: center;\n\t\t\t\twidth: 33%;\n\t\t\t}\n\t\t\t#gallery-1 img {\n\t\t\t\tborder: 2px solid #cfcfcf;\n\t\t\t}\n\t\t\t#gallery-1 .gallery-caption {\n\t\t\t\tmargin-left: 0;\n\t\t\t}\n\t\t\t\/* see gallery_shortcode() in wp-includes\/media.php *\/\n\t\t<\/style>\n\t\t<div id='gallery-1' class='gallery galleryid-17677 gallery-columns-3 gallery-size-full'><dl class='gallery-item'>\n\t\t\t<dt class='gallery-icon landscape'>\n\t\t\t\t<a data-elementor-open-lightbox=\"yes\" data-elementor-lightbox-slideshow=\"b11a119\" data-elementor-lightbox-title=\"w1-1\" data-e-action-hash=\"#elementor-action%3Aaction%3Dlightbox%26settings%3DeyJpZCI6MTc2ODIsInVybCI6Imh0dHBzOlwvXC9kbWNrYWxpcC5jb21cL3R1cmtjZVwvd3AtY29udGVudFwvdXBsb2Fkc1wvMjAyNVwvMDdcL3cxLTEuanBnIiwic2xpZGVzaG93IjoiYjExYTExOSJ9\" href='https:\/\/dmckalip.com\/turkce\/wp-content\/uploads\/2025\/07\/w1-1.jpg'><img fetchpriority=\"high\" decoding=\"async\" width=\"1800\" height=\"1484\" src=\"https:\/\/dmckalip.com\/turkce\/wp-content\/uploads\/2025\/07\/w1-1.jpg\" class=\"attachment-full size-full\" alt=\"\" srcset=\"https:\/\/dmckalip.com\/turkce\/wp-content\/uploads\/2025\/07\/w1-1.jpg 1800w, https:\/\/dmckalip.com\/turkce\/wp-content\/uploads\/2025\/07\/w1-1-300x247.jpg 300w, https:\/\/dmckalip.com\/turkce\/wp-content\/uploads\/2025\/07\/w1-1-1024x844.jpg 1024w, https:\/\/dmckalip.com\/turkce\/wp-content\/uploads\/2025\/07\/w1-1-768x633.jpg 768w, https:\/\/dmckalip.com\/turkce\/wp-content\/uploads\/2025\/07\/w1-1-1536x1266.jpg 1536w, https:\/\/dmckalip.com\/turkce\/wp-content\/uploads\/2025\/07\/w1-1-861x710.jpg 861w\" sizes=\"(max-width: 1800px) 100vw, 1800px\" \/><\/a>\n\t\t\t<\/dt><\/dl><dl class='gallery-item'>\n\t\t\t<dt class='gallery-icon landscape'>\n\t\t\t\t<a data-elementor-open-lightbox=\"yes\" data-elementor-lightbox-slideshow=\"b11a119\" data-elementor-lightbox-title=\"w2-1\" data-e-action-hash=\"#elementor-action%3Aaction%3Dlightbox%26settings%3DeyJpZCI6MTc2ODEsInVybCI6Imh0dHBzOlwvXC9kbWNrYWxpcC5jb21cL3R1cmtjZVwvd3AtY29udGVudFwvdXBsb2Fkc1wvMjAyNVwvMDdcL3cyLTEuanBnIiwic2xpZGVzaG93IjoiYjExYTExOSJ9\" href='https:\/\/dmckalip.com\/turkce\/wp-content\/uploads\/2025\/07\/w2-1.jpg'><img decoding=\"async\" width=\"1800\" height=\"1484\" src=\"https:\/\/dmckalip.com\/turkce\/wp-content\/uploads\/2025\/07\/w2-1.jpg\" class=\"attachment-full size-full\" alt=\"\" srcset=\"https:\/\/dmckalip.com\/turkce\/wp-content\/uploads\/2025\/07\/w2-1.jpg 1800w, https:\/\/dmckalip.com\/turkce\/wp-content\/uploads\/2025\/07\/w2-1-300x247.jpg 300w, https:\/\/dmckalip.com\/turkce\/wp-content\/uploads\/2025\/07\/w2-1-1024x844.jpg 1024w, https:\/\/dmckalip.com\/turkce\/wp-content\/uploads\/2025\/07\/w2-1-768x633.jpg 768w, https:\/\/dmckalip.com\/turkce\/wp-content\/uploads\/2025\/07\/w2-1-1536x1266.jpg 1536w, https:\/\/dmckalip.com\/turkce\/wp-content\/uploads\/2025\/07\/w2-1-861x710.jpg 861w\" sizes=\"(max-width: 1800px) 100vw, 1800px\" \/><\/a>\n\t\t\t<\/dt><\/dl><dl class='gallery-item'>\n\t\t\t<dt class='gallery-icon landscape'>\n\t\t\t\t<a data-elementor-open-lightbox=\"yes\" data-elementor-lightbox-slideshow=\"b11a119\" data-elementor-lightbox-title=\"w3-1\" data-e-action-hash=\"#elementor-action%3Aaction%3Dlightbox%26settings%3DeyJpZCI6MTc2ODAsInVybCI6Imh0dHBzOlwvXC9kbWNrYWxpcC5jb21cL3R1cmtjZVwvd3AtY29udGVudFwvdXBsb2Fkc1wvMjAyNVwvMDdcL3czLTEuanBnIiwic2xpZGVzaG93IjoiYjExYTExOSJ9\" href='https:\/\/dmckalip.com\/turkce\/wp-content\/uploads\/2025\/07\/w3-1.jpg'><img decoding=\"async\" width=\"1800\" height=\"1484\" src=\"https:\/\/dmckalip.com\/turkce\/wp-content\/uploads\/2025\/07\/w3-1.jpg\" class=\"attachment-full size-full\" alt=\"\" srcset=\"https:\/\/dmckalip.com\/turkce\/wp-content\/uploads\/2025\/07\/w3-1.jpg 1800w, https:\/\/dmckalip.com\/turkce\/wp-content\/uploads\/2025\/07\/w3-1-300x247.jpg 300w, https:\/\/dmckalip.com\/turkce\/wp-content\/uploads\/2025\/07\/w3-1-1024x844.jpg 1024w, https:\/\/dmckalip.com\/turkce\/wp-content\/uploads\/2025\/07\/w3-1-768x633.jpg 768w, https:\/\/dmckalip.com\/turkce\/wp-content\/uploads\/2025\/07\/w3-1-1536x1266.jpg 1536w, https:\/\/dmckalip.com\/turkce\/wp-content\/uploads\/2025\/07\/w3-1-861x710.jpg 861w\" sizes=\"(max-width: 1800px) 100vw, 1800px\" \/><\/a>\n\t\t\t<\/dt><\/dl><br style=\"clear: both\" \/>\n\t\t<\/div>\n\t\t<\/div>\n\t\t\t\t\t\t<\/div>\n\t\t\t\t<\/div>\n\t\t            <\/div>\r\n        <\/div>\r\n        \t\t\t<\/div>\n\t\t<\/section>\n\t\t\t\t<\/div>\n\t\t","protected":false},"excerpt":{"rendered":"<p>Neden Biz? DMC Kal\u0131p ile ileti\u015fime ge\u00e7erek \u00fcr\u00fcnlerimiz, hizmetlerimiz ve i\u015f birli\u011fi f\u0131rsatlar\u0131 hakk\u0131nda detayl\u0131 bilgi alabilirsiniz. Anasayfa<\/p>\n","protected":false},"author":1,"featured_media":0,"parent":0,"menu_order":0,"comment_status":"closed","ping_status":"closed","template":"","meta":{"footnotes":""},"class_list":["post-17677","page","type-page","status-publish","hentry"],"_links":{"self":[{"href":"https:\/\/dmckalip.com\/turkce\/wp-json\/wp\/v2\/pages\/17677","targetHints":{"allow":["GET"]}}],"collection":[{"href":"https:\/\/dmckalip.com\/turkce\/wp-json\/wp\/v2\/pages"}],"about":[{"href":"https:\/\/dmckalip.com\/turkce\/wp-json\/wp\/v2\/types\/page"}],"author":[{"embeddable":true,"href":"https:\/\/dmckalip.com\/turkce\/wp-json\/wp\/v2\/users\/1"}],"replies":[{"embeddable":true,"href":"https:\/\/dmckalip.com\/turkce\/wp-json\/wp\/v2\/comments?post=17677"}],"version-history":[{"count":4,"href":"https:\/\/dmckalip.com\/turkce\/wp-json\/wp\/v2\/pages\/17677\/revisions"}],"predecessor-version":[{"id":17685,"href":"https:\/\/dmckalip.com\/turkce\/wp-json\/wp\/v2\/pages\/17677\/revisions\/17685"}],"wp:attachment":[{"href":"https:\/\/dmckalip.com\/turkce\/wp-json\/wp\/v2\/media?parent=17677"}],"curies":[{"name":"wp","href":"https:\/\/api.w.org\/{rel}","templated":true}]}}