{"id":17462,"date":"2025-05-04T21:34:56","date_gmt":"2025-05-04T21:34:56","guid":{"rendered":"https:\/\/dmckalip.com\/turkce\/?page_id=17462"},"modified":"2025-05-04T21:45:42","modified_gmt":"2025-05-04T21:45:42","slug":"urunlerin-kullanim-esaslari","status":"publish","type":"page","link":"https:\/\/dmckalip.com\/turkce\/urunlerin-kullanim-esaslari","title":{"rendered":"\u00dcr\u00fcnlerin Kullan\u0131m Esaslar\u0131"},"content":{"rendered":"\t\t<div data-elementor-type=\"wp-page\" data-elementor-id=\"17462\" class=\"elementor elementor-17462\">\n\t\t\t\t        <section class=\"elementor-section elementor-top-section elementor-element elementor-element-69731a37 elementor-section-stretched elementor-section-full_width elementor-section-height-default elementor-section-height-default pxl-row-scroll-none pxl-zoom-point-false pxl-section-overflow-visible pxl-full-content-with-space-none\" data-id=\"69731a37\" data-element_type=\"section\" data-settings=\"{&quot;stretch_section&quot;:&quot;section-stretched&quot;,&quot;background_background&quot;:&quot;slideshow&quot;,&quot;background_slideshow_gallery&quot;:[{&quot;id&quot;:17342,&quot;url&quot;:&quot;https:\\\/\\\/dmckalip.com\\\/turkce\\\/wp-content\\\/uploads\\\/2025\\\/05\\\/b1.jpg&quot;}],&quot;background_slideshow_loop&quot;:&quot;yes&quot;,&quot;background_slideshow_slide_duration&quot;:5000,&quot;background_slideshow_slide_transition&quot;:&quot;fade&quot;,&quot;background_slideshow_transition_duration&quot;:500}\">\n\n                            <div class=\"elementor-background-overlay\"><\/div>\n            \n                <div class=\"elementor-container elementor-column-gap-extended \">\n                <div class=\"elementor-column elementor-col-100 elementor-top-column elementor-element elementor-element-6188641b pxl-column-none pxl-column-overflow-hidden-no\" data-id=\"6188641b\" data-element_type=\"column\">\r\n        <div class=\"elementor-widget-wrap elementor-element-populated\">\r\n                     \r\n                <section class=\"elementor-section elementor-inner-section elementor-element elementor-element-5ab2cdb7 elementor-section-boxed elementor-section-height-default elementor-section-height-default pxl-row-scroll-none pxl-zoom-point-false pxl-section-overflow-visible\" data-id=\"5ab2cdb7\" data-element_type=\"section\">\n\n                \n                <div class=\"elementor-container elementor-column-gap-default \">\n                <div class=\"elementor-column elementor-col-100 elementor-inner-column elementor-element elementor-element-2e3b12e3 pxl-column-none pxl-column-overflow-hidden-no\" data-id=\"2e3b12e3\" data-element_type=\"column\">\r\n        <div class=\"elementor-widget-wrap elementor-element-populated\">\r\n                     \r\n        \t\t<div class=\"elementor-element elementor-element-51924108 elementor-widget elementor-widget-pxl_heading\" data-id=\"51924108\" data-element_type=\"widget\" data-widget_type=\"pxl_heading.default\">\n\t\t\t\t<div class=\"elementor-widget-container\">\n\t\t\t\t\t\n<div id=\"pxl-pxl_heading-51924108-1116\" class=\"pxl-heading px-sub-title-default-style \">\n\t<div class=\"pxl-heading--inner\">\n\t\t\n\t\t<h3 class=\"pxl-item--title style-default ft-gt highlight-default \" data-wow-delay=\"ms\">\n\t\t\t\t\t\t\t\u00dcr\u00fcnlerin Kullan\u0131m Esaslar\u0131\t\n\t\t\t\t\n\t\t<\/h3>\n\t\t\n\t<\/div>\n<\/div>\t\t\t\t<\/div>\n\t\t\t\t<\/div>\n\t\t\t\t<div class=\"elementor-element elementor-element-d0cf7d3 elementor-widget elementor-widget-pxl_text_editor\" data-id=\"d0cf7d3\" data-element_type=\"widget\" data-widget_type=\"pxl_text_editor.default\">\n\t\t\t\t<div class=\"elementor-widget-container\">\n\t\t\t\t\t<div class=\"pxl-text-editor\">\n\t<div class=\"pxl-item--inner  \" data-wow-delay=\"ms\">\n\t\tDMC Kal\u0131p ile ileti\u015fime ge\u00e7erek \u00fcr\u00fcnlerimiz, hizmetlerimiz ve i\u015f birli\u011fi f\u0131rsatlar\u0131 hakk\u0131nda detayl\u0131 bilgi alabilirsiniz.\t\t\n\t<\/div>\n<\/div>\t\t\t\t<\/div>\n\t\t\t\t<\/div>\n\t\t\t\t<div class=\"elementor-element elementor-element-12f6f2b3 elementor-widget-divider--view-line elementor-widget elementor-widget-divider\" data-id=\"12f6f2b3\" data-element_type=\"widget\" data-widget_type=\"divider.default\">\n\t\t\t\t<div class=\"elementor-widget-container\">\n\t\t\t\t\t\t\t<div class=\"elementor-divider\">\n\t\t\t<span class=\"elementor-divider-separator\">\n\t\t\t\t\t\t<\/span>\n\t\t<\/div>\n\t\t\t\t\t\t<\/div>\n\t\t\t\t<\/div>\n\t\t\t\t<div class=\"elementor-element elementor-element-1a36aac elementor-widget-divider--view-line elementor-widget elementor-widget-divider\" data-id=\"1a36aac\" data-element_type=\"widget\" data-widget_type=\"divider.default\">\n\t\t\t\t<div class=\"elementor-widget-container\">\n\t\t\t\t\t\t\t<div class=\"elementor-divider\">\n\t\t\t<span class=\"elementor-divider-separator\">\n\t\t\t\t\t\t<\/span>\n\t\t<\/div>\n\t\t\t\t\t\t<\/div>\n\t\t\t\t<\/div>\n\t\t\t\t<div class=\"elementor-element elementor-element-2357e61d elementor-widget elementor-widget-pxl_breadcrumb\" data-id=\"2357e61d\" data-element_type=\"widget\" data-widget_type=\"pxl_breadcrumb.default\">\n\t\t\t\t<div class=\"elementor-widget-container\">\n\t\t\t\t\t<div class=\"pxl-breadcrumb-wrap\">\n\t<ul class=\"pxl-breadcrumb\"><li><span class=\"breadcrumb-entry\">Anasayfa<\/span><\/li><\/ul><\/div>\t\t\t\t<\/div>\n\t\t\t\t<\/div>\n\t\t            <\/div>\r\n        <\/div>\r\n        \t\t\t<\/div>\n\t\t<\/section>\n\t\t            <\/div>\r\n        <\/div>\r\n        \t\t\t<\/div>\n\t\t<\/section>\n\t\t        <section class=\"elementor-section elementor-top-section elementor-element elementor-element-61fd12b8 elementor-section-full_width elementor-section-stretched elementor-section-height-default elementor-section-height-default pxl-row-scroll-none pxl-zoom-point-false pxl-section-overflow-visible pxl-full-content-with-space-none\" data-id=\"61fd12b8\" data-element_type=\"section\" data-settings=\"{&quot;stretch_section&quot;:&quot;section-stretched&quot;,&quot;background_background&quot;:&quot;video&quot;}\">\n\n                \n                <div class=\"elementor-container elementor-column-gap-extended \">\n                <div class=\"elementor-column elementor-col-50 elementor-top-column elementor-element elementor-element-1dfb6409 pxl-column-overflow-hidden-yes pxl-column-none\" data-id=\"1dfb6409\" data-element_type=\"column\" data-settings=\"{&quot;background_background&quot;:&quot;classic&quot;}\">\r\n        <div class=\"elementor-widget-wrap elementor-element-populated\">\r\n                     \r\n        \t\t<div class=\"elementor-element elementor-element-524a4640 elementor-widget__width-auto elementor-absolute animated-slow elementor-invisible elementor-widget elementor-widget-pxl_image\" data-id=\"524a4640\" data-element_type=\"widget\" data-settings=\"{&quot;_position&quot;:&quot;absolute&quot;,&quot;_animation&quot;:&quot;fadeInRight&quot;}\" data-widget_type=\"pxl_image.default\">\n\t\t\t\t<div class=\"elementor-widget-container\">\n\t\t\t\t\t<div id=\"pxl_image-524a4640-9941\" class=\"pxl-image-single df pxl-disable-parallax-sm pxl-hide-sr-lg  \" data-wow-delay=\"ms\"  >\r\n    <div class=\"pxl-item--inner\" data-wow-delay=\"120ms\">\r\n        \r\n                    <div class=\"pxl-item--image df\" data-parallax-value=\"\">\r\n                                <img fetchpriority=\"high\" decoding=\"async\" width=\"519\" height=\"519\" src=\"https:\/\/dmckalip.com\/turkce\/wp-content\/uploads\/2024\/05\/Ellipse-797.svg\" class=\"no-lazyload attachment-full\" alt=\"\" \/>                                            <\/div>\r\n                \r\n    <\/div>\r\n<\/div>\t\t\t\t<\/div>\n\t\t\t\t<\/div>\n\t\t\t\t<div class=\"elementor-element elementor-element-51a5d1a9 elementor-widget__width-auto elementor-absolute animated-slow elementor-invisible elementor-widget elementor-widget-pxl_image\" data-id=\"51a5d1a9\" data-element_type=\"widget\" data-settings=\"{&quot;_position&quot;:&quot;absolute&quot;,&quot;_animation&quot;:&quot;fadeInDown&quot;}\" data-widget_type=\"pxl_image.default\">\n\t\t\t\t<div class=\"elementor-widget-container\">\n\t\t\t\t\t<div id=\"pxl_image-51a5d1a9-1173\" class=\"pxl-image-single df pxl-disable-parallax-sm pxl-hide-sr-lg  \" data-wow-delay=\"ms\"  >\r\n    <div class=\"pxl-item--inner\" data-wow-delay=\"120ms\">\r\n        \r\n                    <div class=\"pxl-item--image df\" data-parallax-value=\"\">\r\n                                <img fetchpriority=\"high\" decoding=\"async\" width=\"519\" height=\"519\" src=\"https:\/\/dmckalip.com\/turkce\/wp-content\/uploads\/2024\/05\/Ellipse-797.svg\" class=\"no-lazyload attachment-full\" alt=\"\" \/>                                            <\/div>\r\n                \r\n    <\/div>\r\n<\/div>\t\t\t\t<\/div>\n\t\t\t\t<\/div>\n\t\t\t\t<div class=\"elementor-element elementor-element-17993d17 ft-gt elementor-widget elementor-widget-pxl_heading\" data-id=\"17993d17\" data-element_type=\"widget\" data-widget_type=\"pxl_heading.default\">\n\t\t\t\t<div class=\"elementor-widget-container\">\n\t\t\t\t\t\n<div id=\"pxl-pxl_heading-17993d17-9183\" class=\"pxl-heading px-sub-title-default-style \">\n\t<div class=\"pxl-heading--inner\">\n\t\t\t\t\t<div class=\"pxl-item--subtitle px-sub-title-default pxl-split-text split-in-fade\" data-wow-delay=\"ms\">\n\t\t\t\t<span class=\"pxl-item--subtext\">\n\t\t\t\t\t\t\t\t\t\tDMC Kal\u0131p&#039;a Ho\u015f Geldiniz\t\t\t\t<\/span>\n\t\t\t<\/div>\n\t\t\n\t\t<h3 class=\"pxl-item--title style-default  highlight-default \" data-wow-delay=\"ms\">\n\t\t\t\t\t\t\tOdak Noktam\u0131z,\nM\u00fc\u015fterilerimize\n\u00dcst\u00fcn De\u011fer Sunmakt\u0131r.\t\n\t\t\t\t\n\t\t<\/h3>\n\t\t\n\t<\/div>\n<\/div>\t\t\t\t<\/div>\n\t\t\t\t<\/div>\n\t\t            <\/div>\r\n        <\/div>\r\n                <div class=\"elementor-column elementor-col-50 elementor-top-column elementor-element elementor-element-4c343f7 pxl-column-none pxl-column-overflow-hidden-no\" data-id=\"4c343f7\" data-element_type=\"column\">\r\n        <div class=\"elementor-widget-wrap elementor-element-populated\">\r\n                     \r\n        \t\t<div class=\"elementor-element elementor-element-14adba10 elementor-widget elementor-widget-pxl_text_editor\" data-id=\"14adba10\" data-element_type=\"widget\" data-widget_type=\"pxl_text_editor.default\">\n\t\t\t\t<div class=\"elementor-widget-container\">\n\t\t\t\t\t<div class=\"pxl-text-editor\">\n\t<div class=\"pxl-item--inner  \" data-wow-delay=\"ms\">\n\t\t<p><strong>1-<\/strong> Uygun Plaka Se\u00e7imi : Kullan\u0131lacak merkezleme elemanlar\u0131n\u0131n ba\u011fland\u0131\u011f\u0131 plakalar\u0131n, kal\u0131ptaki operasyona g\u00f6re uygun kal\u0131nl\u0131kta olmas\u0131 ve di\u011fer boyutlar\u0131n\u0131n ise pres y\u00fck\u00fc alt\u0131ndayken yanal kuvetlerin, kolonlar aras\u0131nda m\u00fcmk\u00fcn olan en iyi seviyede ortalayacak \u015fekilde tercih edilmesi gerekmektedir.<\/p><p><strong>2-<\/strong> Uygun Merkezleme Tak\u0131m\u0131n\u0131n Se\u00e7imi : Burada esas olan nokta operasyona g\u00f6re kal\u0131pta ka\u00e7 adet kolon ve bur\u00e7 gerekti\u011fi ve bu kolon ve bur\u00e7 \u00e7aplar\u0131n\u0131n ne olaca\u011f\u0131 karar\u0131n\u0131n verilmesi a\u015famas\u0131d\u0131r. Kal\u0131b\u0131n yapaca\u011f\u0131 operasyon zorlu\u011funa g\u00f6re uygun \u00e7apta kolonlar ve bunlarla kullan\u0131lacak en uygun bur\u00e7lar se\u00e7ilerek tak\u0131mland\u0131r\u0131lmal\u0131d\u0131r.<\/p><p><strong>3-<\/strong> Plakalar\u0131n i\u015flenmesi : Kal\u0131p plakalar\u0131ndaki kolon ve bur\u00e7 yuvalar\u0131n\u0131n a\u00e7\u0131lmas\u0131 i\u015flemi son derece \u00f6nem ta\u015f\u0131r. Bu yuvalar\u0131n birbiriyle olan uyumu ve delik toleranslar\u0131 , belirtilen toleranslar dahilinde olmal\u0131d\u0131r. Yuvalar aras\u0131ndaki kal\u0131nl\u0131k , gereksiz kanal y\u00fcklemeye sebebiyet verir. Kal\u0131p daha tak\u0131lmadan, deneme esnas\u0131nda bile derin \u00e7izikler g\u00f6zlemlenebilir. Bu derin \u00e7izikler daha sonras\u0131 i\u00e7in bir sarma problemi tehlikesi do\u011furabilir. Her bir yuva uygun toleransta olmal\u0131d\u0131r. Deli\u011fe bol ge\u00e7en merkezleme eleman\u0131 g\u00f6revini tam yapmaz. imalat \u00fcr\u00fcn\u00fcnde ve kal\u0131pta deformasyona sebep olabilir. E\u011fer yuvalar belirtilen toleranslardan dar izlenirse kolon ve bur\u00e7lar buralara \u00e7ok zor ge\u00e7er. Hatta ge\u00e7emeyip zorla ( a\u011f\u0131r \u00e7eki\u00e7le ) ge\u00e7irilmeye \u00e7al\u0131\u015f\u0131l\u0131rsa da bur\u00e7larda k\u0131r\u0131lma ya da a\u015f\u0131r\u0131 b\u00fcz\u00fclme, kolonlarda ise yanal \u015fi\u015fme ger\u00e7ekle\u015fir. Her durumda sarma problemleri olu\u015fabilir. Bu problemlerin olu\u015fmamas\u0131 i\u00e7in merkezleme eleman\u0131 gere\u011fine g\u00f6re uygun ba\u011flant\u0131 yap\u0131lmal\u0131d\u0131r. (\u00d6rne\u011fin: alttan \u00e7ektirme ya da bask\u0131 papucu kullanma bkz.syf no.14)<\/p><p><strong>4-<\/strong> Kolon ve bur\u00e7lar\u0131n \u00e7al\u0131\u015fmas\u0131 : Kolon ve bur\u00e7lar plakalara monte edilirken bur\u00e7lar \u00fcst plakaya, kolon ise alt plakaya tak\u0131lmal\u0131d\u0131r. Bu sayede bur\u00e7lar\u0131n i\u00e7ine herhangi bir yabanc\u0131 madde ( \u00e7apak, toz ..vs. ) girmez ve birikmez. Operat\u00f6rlerin kolon ve bur\u00e7lar\u0131 devaml\u0131 g\u00f6zlemlemeleri gerekmektedir. Uygun ya\u011f ile belli periyodlarda ya\u011f kullanmalar\u0131, kullan\u0131lan merkezleme elemanlar\u0131n\u0131n \u00f6mr\u00fcn\u00fc uzat\u0131r.\u201d<\/p>\t\t\n\t<\/div>\n<\/div>\t\t\t\t<\/div>\n\t\t\t\t<\/div>\n\t\t            <\/div>\r\n        <\/div>\r\n        \t\t\t<\/div>\n\t\t<\/section>\n\t\t\t\t<\/div>\n\t\t","protected":false},"excerpt":{"rendered":"<p>\u00dcr\u00fcnlerin Kullan\u0131m Esaslar\u0131 DMC Kal\u0131p ile ileti\u015fime ge\u00e7erek \u00fcr\u00fcnlerimiz, hizmetlerimiz ve i\u015f birli\u011fi f\u0131rsatlar\u0131 hakk\u0131nda detayl\u0131 bilgi alabilirsiniz. Anasayfa DMC Kal\u0131p&#039;a Ho\u015f Geldiniz Odak Noktam\u0131z, M\u00fc\u015fterilerimize \u00dcst\u00fcn De\u011fer Sunmakt\u0131r. 1- Uygun Plaka Se\u00e7imi : Kullan\u0131lacak merkezleme elemanlar\u0131n\u0131n ba\u011fland\u0131\u011f\u0131 plakalar\u0131n, kal\u0131ptaki operasyona g\u00f6re uygun kal\u0131nl\u0131kta olmas\u0131 ve di\u011fer boyutlar\u0131n\u0131n ise pres y\u00fck\u00fc alt\u0131ndayken yanal kuvetlerin, kolonlar [&hellip;]<\/p>\n","protected":false},"author":1,"featured_media":0,"parent":0,"menu_order":0,"comment_status":"closed","ping_status":"closed","template":"","meta":{"footnotes":""},"class_list":["post-17462","page","type-page","status-publish","hentry"],"_links":{"self":[{"href":"https:\/\/dmckalip.com\/turkce\/wp-json\/wp\/v2\/pages\/17462","targetHints":{"allow":["GET"]}}],"collection":[{"href":"https:\/\/dmckalip.com\/turkce\/wp-json\/wp\/v2\/pages"}],"about":[{"href":"https:\/\/dmckalip.com\/turkce\/wp-json\/wp\/v2\/types\/page"}],"author":[{"embeddable":true,"href":"https:\/\/dmckalip.com\/turkce\/wp-json\/wp\/v2\/users\/1"}],"replies":[{"embeddable":true,"href":"https:\/\/dmckalip.com\/turkce\/wp-json\/wp\/v2\/comments?post=17462"}],"version-history":[{"count":12,"href":"https:\/\/dmckalip.com\/turkce\/wp-json\/wp\/v2\/pages\/17462\/revisions"}],"predecessor-version":[{"id":17497,"href":"https:\/\/dmckalip.com\/turkce\/wp-json\/wp\/v2\/pages\/17462\/revisions\/17497"}],"wp:attachment":[{"href":"https:\/\/dmckalip.com\/turkce\/wp-json\/wp\/v2\/media?parent=17462"}],"curies":[{"name":"wp","href":"https:\/\/api.w.org\/{rel}","templated":true}]}}