{"id":17460,"date":"2025-05-04T21:34:53","date_gmt":"2025-05-04T21:34:53","guid":{"rendered":"https:\/\/dmckalip.com\/turkce\/?page_id=17460"},"modified":"2025-05-04T21:46:58","modified_gmt":"2025-05-04T21:46:58","slug":"dmc-urunleri","status":"publish","type":"page","link":"https:\/\/dmckalip.com\/turkce\/dmc-urunleri","title":{"rendered":"DMC \u00dcr\u00fcnleri"},"content":{"rendered":"\t\t<div data-elementor-type=\"wp-page\" data-elementor-id=\"17460\" class=\"elementor elementor-17460\">\n\t\t\t\t        <section class=\"elementor-section elementor-top-section elementor-element elementor-element-597d248 elementor-section-stretched elementor-section-full_width elementor-section-height-default elementor-section-height-default pxl-row-scroll-none pxl-zoom-point-false pxl-section-overflow-visible pxl-full-content-with-space-none\" data-id=\"597d248\" data-element_type=\"section\" data-settings=\"{&quot;stretch_section&quot;:&quot;section-stretched&quot;,&quot;background_background&quot;:&quot;slideshow&quot;,&quot;background_slideshow_gallery&quot;:[{&quot;id&quot;:17342,&quot;url&quot;:&quot;https:\\\/\\\/dmckalip.com\\\/turkce\\\/wp-content\\\/uploads\\\/2025\\\/05\\\/b1.jpg&quot;}],&quot;background_slideshow_loop&quot;:&quot;yes&quot;,&quot;background_slideshow_slide_duration&quot;:5000,&quot;background_slideshow_slide_transition&quot;:&quot;fade&quot;,&quot;background_slideshow_transition_duration&quot;:500}\">\n\n                            <div class=\"elementor-background-overlay\"><\/div>\n            \n                <div class=\"elementor-container elementor-column-gap-extended \">\n                <div class=\"elementor-column elementor-col-100 elementor-top-column elementor-element elementor-element-55a60859 pxl-column-none pxl-column-overflow-hidden-no\" data-id=\"55a60859\" data-element_type=\"column\">\r\n        <div class=\"elementor-widget-wrap elementor-element-populated\">\r\n                     \r\n                <section class=\"elementor-section elementor-inner-section elementor-element elementor-element-67e46d5f elementor-section-boxed elementor-section-height-default elementor-section-height-default pxl-row-scroll-none pxl-zoom-point-false pxl-section-overflow-visible\" data-id=\"67e46d5f\" data-element_type=\"section\">\n\n                \n                <div class=\"elementor-container elementor-column-gap-default \">\n                <div class=\"elementor-column elementor-col-100 elementor-inner-column elementor-element elementor-element-3e77ed1a pxl-column-none pxl-column-overflow-hidden-no\" data-id=\"3e77ed1a\" data-element_type=\"column\">\r\n        <div class=\"elementor-widget-wrap elementor-element-populated\">\r\n                     \r\n        \t\t<div class=\"elementor-element elementor-element-38ca9695 elementor-widget elementor-widget-pxl_heading\" data-id=\"38ca9695\" data-element_type=\"widget\" data-widget_type=\"pxl_heading.default\">\n\t\t\t\t<div class=\"elementor-widget-container\">\n\t\t\t\t\t\n<div id=\"pxl-pxl_heading-38ca9695-3447\" class=\"pxl-heading px-sub-title-default-style \">\n\t<div class=\"pxl-heading--inner\">\n\t\t\n\t\t<h3 class=\"pxl-item--title style-default ft-gt highlight-default \" data-wow-delay=\"ms\">\n\t\t\t\t\t\t\tDMC \u00dcr\u00fcnleri\t\n\t\t\t\t\n\t\t<\/h3>\n\t\t\n\t<\/div>\n<\/div>\t\t\t\t<\/div>\n\t\t\t\t<\/div>\n\t\t\t\t<div class=\"elementor-element elementor-element-780b6792 elementor-widget elementor-widget-pxl_text_editor\" data-id=\"780b6792\" data-element_type=\"widget\" data-widget_type=\"pxl_text_editor.default\">\n\t\t\t\t<div class=\"elementor-widget-container\">\n\t\t\t\t\t<div class=\"pxl-text-editor\">\n\t<div class=\"pxl-item--inner  \" data-wow-delay=\"ms\">\n\t\tDMC Kal\u0131p ile ileti\u015fime ge\u00e7erek \u00fcr\u00fcnlerimiz, hizmetlerimiz ve i\u015f birli\u011fi f\u0131rsatlar\u0131 hakk\u0131nda detayl\u0131 bilgi alabilirsiniz.\t\t\n\t<\/div>\n<\/div>\t\t\t\t<\/div>\n\t\t\t\t<\/div>\n\t\t\t\t<div class=\"elementor-element elementor-element-348a24cf elementor-widget-divider--view-line elementor-widget elementor-widget-divider\" data-id=\"348a24cf\" data-element_type=\"widget\" data-widget_type=\"divider.default\">\n\t\t\t\t<div class=\"elementor-widget-container\">\n\t\t\t\t\t\t\t<div class=\"elementor-divider\">\n\t\t\t<span class=\"elementor-divider-separator\">\n\t\t\t\t\t\t<\/span>\n\t\t<\/div>\n\t\t\t\t\t\t<\/div>\n\t\t\t\t<\/div>\n\t\t\t\t<div class=\"elementor-element elementor-element-7a855caa elementor-widget-divider--view-line elementor-widget elementor-widget-divider\" data-id=\"7a855caa\" data-element_type=\"widget\" data-widget_type=\"divider.default\">\n\t\t\t\t<div class=\"elementor-widget-container\">\n\t\t\t\t\t\t\t<div class=\"elementor-divider\">\n\t\t\t<span class=\"elementor-divider-separator\">\n\t\t\t\t\t\t<\/span>\n\t\t<\/div>\n\t\t\t\t\t\t<\/div>\n\t\t\t\t<\/div>\n\t\t\t\t<div class=\"elementor-element elementor-element-28efcc86 elementor-widget elementor-widget-pxl_breadcrumb\" data-id=\"28efcc86\" data-element_type=\"widget\" data-widget_type=\"pxl_breadcrumb.default\">\n\t\t\t\t<div class=\"elementor-widget-container\">\n\t\t\t\t\t<div class=\"pxl-breadcrumb-wrap\">\n\t<ul class=\"pxl-breadcrumb\"><li><span class=\"breadcrumb-entry\">Anasayfa<\/span><\/li><\/ul><\/div>\t\t\t\t<\/div>\n\t\t\t\t<\/div>\n\t\t            <\/div>\r\n        <\/div>\r\n        \t\t\t<\/div>\n\t\t<\/section>\n\t\t            <\/div>\r\n        <\/div>\r\n        \t\t\t<\/div>\n\t\t<\/section>\n\t\t        <section class=\"elementor-section elementor-top-section elementor-element elementor-element-370ae1e elementor-section-full_width elementor-section-stretched elementor-section-height-default elementor-section-height-default pxl-row-scroll-none pxl-zoom-point-false pxl-section-overflow-visible pxl-full-content-with-space-none\" data-id=\"370ae1e\" data-element_type=\"section\" data-settings=\"{&quot;stretch_section&quot;:&quot;section-stretched&quot;,&quot;background_background&quot;:&quot;video&quot;}\">\n\n                \n                <div class=\"elementor-container elementor-column-gap-extended \">\n                <div class=\"elementor-column elementor-col-50 elementor-top-column elementor-element elementor-element-9b5e97f pxl-column-overflow-hidden-yes pxl-column-none\" data-id=\"9b5e97f\" data-element_type=\"column\" data-settings=\"{&quot;background_background&quot;:&quot;classic&quot;}\">\r\n        <div class=\"elementor-widget-wrap elementor-element-populated\">\r\n                     \r\n        \t\t<div class=\"elementor-element elementor-element-71567bb elementor-widget__width-auto elementor-absolute animated-slow elementor-invisible elementor-widget elementor-widget-pxl_image\" data-id=\"71567bb\" data-element_type=\"widget\" data-settings=\"{&quot;_position&quot;:&quot;absolute&quot;,&quot;_animation&quot;:&quot;fadeInRight&quot;}\" data-widget_type=\"pxl_image.default\">\n\t\t\t\t<div class=\"elementor-widget-container\">\n\t\t\t\t\t<div id=\"pxl_image-71567bb-9043\" class=\"pxl-image-single df pxl-disable-parallax-sm pxl-hide-sr-lg  \" data-wow-delay=\"ms\"  >\r\n    <div class=\"pxl-item--inner\" data-wow-delay=\"120ms\">\r\n        \r\n                    <div class=\"pxl-item--image df\" data-parallax-value=\"\">\r\n                                <img fetchpriority=\"high\" decoding=\"async\" width=\"519\" height=\"519\" src=\"https:\/\/dmckalip.com\/turkce\/wp-content\/uploads\/2024\/05\/Ellipse-797.svg\" class=\"no-lazyload attachment-full\" alt=\"\" \/>                                            <\/div>\r\n                \r\n    <\/div>\r\n<\/div>\t\t\t\t<\/div>\n\t\t\t\t<\/div>\n\t\t\t\t<div class=\"elementor-element elementor-element-7bec2b2 elementor-widget__width-auto elementor-absolute animated-slow elementor-invisible elementor-widget elementor-widget-pxl_image\" data-id=\"7bec2b2\" data-element_type=\"widget\" data-settings=\"{&quot;_position&quot;:&quot;absolute&quot;,&quot;_animation&quot;:&quot;fadeInDown&quot;}\" data-widget_type=\"pxl_image.default\">\n\t\t\t\t<div class=\"elementor-widget-container\">\n\t\t\t\t\t<div id=\"pxl_image-7bec2b2-3752\" class=\"pxl-image-single df pxl-disable-parallax-sm pxl-hide-sr-lg  \" data-wow-delay=\"ms\"  >\r\n    <div class=\"pxl-item--inner\" data-wow-delay=\"120ms\">\r\n        \r\n                    <div class=\"pxl-item--image df\" data-parallax-value=\"\">\r\n                                <img fetchpriority=\"high\" decoding=\"async\" width=\"519\" height=\"519\" src=\"https:\/\/dmckalip.com\/turkce\/wp-content\/uploads\/2024\/05\/Ellipse-797.svg\" class=\"no-lazyload attachment-full\" alt=\"\" \/>                                            <\/div>\r\n                \r\n    <\/div>\r\n<\/div>\t\t\t\t<\/div>\n\t\t\t\t<\/div>\n\t\t\t\t<div class=\"elementor-element elementor-element-fcac0fe ft-gt elementor-widget elementor-widget-pxl_heading\" data-id=\"fcac0fe\" data-element_type=\"widget\" data-widget_type=\"pxl_heading.default\">\n\t\t\t\t<div class=\"elementor-widget-container\">\n\t\t\t\t\t\n<div id=\"pxl-pxl_heading-fcac0fe-8317\" class=\"pxl-heading px-sub-title-default-style \">\n\t<div class=\"pxl-heading--inner\">\n\t\t\t\t\t<div class=\"pxl-item--subtitle px-sub-title-default pxl-split-text split-in-fade\" data-wow-delay=\"ms\">\n\t\t\t\t<span class=\"pxl-item--subtext\">\n\t\t\t\t\t\t\t\t\t\tDMC Kal\u0131p&#039;a Ho\u015f Geldiniz\t\t\t\t<\/span>\n\t\t\t<\/div>\n\t\t\n\t\t<h3 class=\"pxl-item--title style-default  highlight-default \" data-wow-delay=\"ms\">\n\t\t\t\t\t\t\tOdak Noktam\u0131z,\nM\u00fc\u015fterilerimize\n\u00dcst\u00fcn De\u011fer Sunmakt\u0131r.\t\n\t\t\t\t\n\t\t<\/h3>\n\t\t\n\t<\/div>\n<\/div>\t\t\t\t<\/div>\n\t\t\t\t<\/div>\n\t\t            <\/div>\r\n        <\/div>\r\n                <div class=\"elementor-column elementor-col-50 elementor-top-column elementor-element elementor-element-ee9cdad pxl-column-none pxl-column-overflow-hidden-no\" data-id=\"ee9cdad\" data-element_type=\"column\">\r\n        <div class=\"elementor-widget-wrap elementor-element-populated\">\r\n                     \r\n        \t\t<div class=\"elementor-element elementor-element-e001a7e elementor-widget elementor-widget-pxl_text_editor\" data-id=\"e001a7e\" data-element_type=\"widget\" data-widget_type=\"pxl_text_editor.default\">\n\t\t\t\t<div class=\"elementor-widget-container\">\n\t\t\t\t\t<div class=\"pxl-text-editor\">\n\t<div class=\"pxl-item--inner  \" data-wow-delay=\"ms\">\n\t\t<p>DMC Markam\u0131z \u201cDie and Mold Components\u201d hassas m\u00fchendislik faaliyetleriyle \u201cM\u00fc\u015fteri Memnuniyetine\u201d odaklanm\u0131\u015ft\u0131r. Hammadde se\u00e7iminden depolamaya kadar \u00fcretimin her safhas\u0131 titizlikle kontrol edilmektedir. 48 y\u0131ll\u0131k imalat tecr\u00fcbesiyle kazand\u0131klar\u0131m\u0131z, \u201cStandart Kal\u0131p Elemanlar\u0131\u201d \u00fcretimine aktar\u0131lm\u0131\u015ft\u0131r. Kalite ba\u015flang\u0131\u00e7 noktam\u0131z; sorumlu, de\u011fi\u015fken imalat ko\u015fullar\u0131na uyumlu ve hassas planlama, firmam\u0131z\u0131n yap\u0131 ta\u015flar\u0131n\u0131 olu\u015fturmaktad\u0131r. Hedefimiz; M\u00fc\u015fteri beklentilerinin \u00f6tesinde olup, problem \u00e7\u00f6z\u00fcm\u00fcne odaklanm\u0131\u015f \u00fcr\u00fcn ve hizmeti devaml\u0131 olarak sa\u011flamakt\u0131r.<\/p><p>\u201cDMC\u201d standart ve \u00f6zel en iyi \u00e7\u00f6z\u00fcmleri veren fiyat ve teslim s\u00fcresi geni\u015f bir \u00fcr\u00fcn yelpazesine sahiptir. \u201cDMC\u201d \u00fcretken ve rekabet\u00e7i olman\u0131z\u0131 sa\u011flayacak sa\u011flam, g\u00fcvenilir i\u015f orta\u011f\u0131n\u0131zd\u0131r!<\/p>\t\t\n\t<\/div>\n<\/div>\t\t\t\t<\/div>\n\t\t\t\t<\/div>\n\t\t            <\/div>\r\n        <\/div>\r\n        \t\t\t<\/div>\n\t\t<\/section>\n\t\t\t\t<\/div>\n\t\t","protected":false},"excerpt":{"rendered":"<p>DMC \u00dcr\u00fcnleri DMC Kal\u0131p ile ileti\u015fime ge\u00e7erek \u00fcr\u00fcnlerimiz, hizmetlerimiz ve i\u015f birli\u011fi f\u0131rsatlar\u0131 hakk\u0131nda detayl\u0131 bilgi alabilirsiniz. Anasayfa DMC Kal\u0131p&#039;a Ho\u015f Geldiniz Odak Noktam\u0131z, M\u00fc\u015fterilerimize \u00dcst\u00fcn De\u011fer Sunmakt\u0131r. DMC Markam\u0131z \u201cDie and Mold Components\u201d hassas m\u00fchendislik faaliyetleriyle \u201cM\u00fc\u015fteri Memnuniyetine\u201d odaklanm\u0131\u015ft\u0131r. Hammadde se\u00e7iminden depolamaya kadar \u00fcretimin her safhas\u0131 titizlikle kontrol edilmektedir. 48 y\u0131ll\u0131k imalat tecr\u00fcbesiyle kazand\u0131klar\u0131m\u0131z, [&hellip;]<\/p>\n","protected":false},"author":1,"featured_media":0,"parent":0,"menu_order":0,"comment_status":"closed","ping_status":"closed","template":"","meta":{"footnotes":""},"class_list":["post-17460","page","type-page","status-publish","hentry"],"_links":{"self":[{"href":"https:\/\/dmckalip.com\/turkce\/wp-json\/wp\/v2\/pages\/17460","targetHints":{"allow":["GET"]}}],"collection":[{"href":"https:\/\/dmckalip.com\/turkce\/wp-json\/wp\/v2\/pages"}],"about":[{"href":"https:\/\/dmckalip.com\/turkce\/wp-json\/wp\/v2\/types\/page"}],"author":[{"embeddable":true,"href":"https:\/\/dmckalip.com\/turkce\/wp-json\/wp\/v2\/users\/1"}],"replies":[{"embeddable":true,"href":"https:\/\/dmckalip.com\/turkce\/wp-json\/wp\/v2\/comments?post=17460"}],"version-history":[{"count":12,"href":"https:\/\/dmckalip.com\/turkce\/wp-json\/wp\/v2\/pages\/17460\/revisions"}],"predecessor-version":[{"id":17500,"href":"https:\/\/dmckalip.com\/turkce\/wp-json\/wp\/v2\/pages\/17460\/revisions\/17500"}],"wp:attachment":[{"href":"https:\/\/dmckalip.com\/turkce\/wp-json\/wp\/v2\/media?parent=17460"}],"curies":[{"name":"wp","href":"https:\/\/api.w.org\/{rel}","templated":true}]}}