{"id":17415,"date":"2025-05-04T21:03:42","date_gmt":"2025-05-04T21:03:42","guid":{"rendered":"https:\/\/dmckalip.com\/turkce\/?page_id=17415"},"modified":"2025-05-28T09:21:13","modified_gmt":"2025-05-28T09:21:13","slug":"belgelerimiz","status":"publish","type":"page","link":"https:\/\/dmckalip.com\/turkce\/belgelerimiz","title":{"rendered":"Belgelerimiz"},"content":{"rendered":"\t\t<div data-elementor-type=\"wp-page\" data-elementor-id=\"17415\" class=\"elementor elementor-17415\">\n\t\t\t\t        <section class=\"elementor-section elementor-top-section elementor-element elementor-element-6cdf739d elementor-section-stretched elementor-section-boxed elementor-section-height-default elementor-section-height-default pxl-row-scroll-none pxl-zoom-point-false pxl-section-overflow-visible\" data-id=\"6cdf739d\" data-element_type=\"section\" data-settings=\"{&quot;stretch_section&quot;:&quot;section-stretched&quot;,&quot;background_background&quot;:&quot;classic&quot;}\">\n\n                            <div class=\"elementor-background-overlay\"><\/div>\n            \n                <div class=\"elementor-container elementor-column-gap-extended \">\n                <div class=\"elementor-column elementor-col-100 elementor-top-column elementor-element elementor-element-72828240 pxl-column-none pxl-column-overflow-hidden-no\" data-id=\"72828240\" data-element_type=\"column\">\r\n        <div class=\"elementor-widget-wrap elementor-element-populated\">\r\n                     \r\n        \t\t<div class=\"elementor-element elementor-element-7f7801b2 elementor-widget elementor-widget-pxl_heading\" data-id=\"7f7801b2\" data-element_type=\"widget\" data-widget_type=\"pxl_heading.default\">\n\t\t\t\t<div class=\"elementor-widget-container\">\n\t\t\t\t\t\n<div id=\"pxl-pxl_heading-7f7801b2-8277\" class=\"pxl-heading px-sub-title-default-style \">\n\t<div class=\"pxl-heading--inner\">\n\t\t\n\t\t<h3 class=\"pxl-item--title style-default ft-gt highlight-default \" data-wow-delay=\"ms\">\n\t\t\t\t\t\t\tBelgelerimiz\t\n\t\t\t\t\n\t\t<\/h3>\n\t\t\n\t<\/div>\n<\/div>\t\t\t\t<\/div>\n\t\t\t\t<\/div>\n\t\t\t\t<div class=\"elementor-element elementor-element-4c095d55 elementor-widget elementor-widget-pxl_text_editor\" data-id=\"4c095d55\" data-element_type=\"widget\" data-widget_type=\"pxl_text_editor.default\">\n\t\t\t\t<div class=\"elementor-widget-container\">\n\t\t\t\t\t<div class=\"pxl-text-editor\">\n\t<div class=\"pxl-item--inner  \" data-wow-delay=\"ms\">\n\t\tDMC Kal\u0131p ile ileti\u015fime ge\u00e7erek \u00fcr\u00fcnlerimiz, hizmetlerimiz ve i\u015f birli\u011fi f\u0131rsatlar\u0131 hakk\u0131nda detayl\u0131 bilgi alabilirsiniz.\n\t\t\n\t<\/div>\n<\/div>\t\t\t\t<\/div>\n\t\t\t\t<\/div>\n\t\t\t\t<div class=\"elementor-element elementor-element-46ef5274 elementor-widget-divider--view-line elementor-widget elementor-widget-divider\" data-id=\"46ef5274\" data-element_type=\"widget\" data-widget_type=\"divider.default\">\n\t\t\t\t<div class=\"elementor-widget-container\">\n\t\t\t\t\t\t\t<div class=\"elementor-divider\">\n\t\t\t<span class=\"elementor-divider-separator\">\n\t\t\t\t\t\t<\/span>\n\t\t<\/div>\n\t\t\t\t\t\t<\/div>\n\t\t\t\t<\/div>\n\t\t\t\t<div class=\"elementor-element elementor-element-71b3857 elementor-widget-divider--view-line elementor-widget elementor-widget-divider\" data-id=\"71b3857\" data-element_type=\"widget\" data-widget_type=\"divider.default\">\n\t\t\t\t<div class=\"elementor-widget-container\">\n\t\t\t\t\t\t\t<div class=\"elementor-divider\">\n\t\t\t<span class=\"elementor-divider-separator\">\n\t\t\t\t\t\t<\/span>\n\t\t<\/div>\n\t\t\t\t\t\t<\/div>\n\t\t\t\t<\/div>\n\t\t\t\t<div class=\"elementor-element elementor-element-33d71c85 elementor-widget elementor-widget-pxl_breadcrumb\" data-id=\"33d71c85\" data-element_type=\"widget\" data-widget_type=\"pxl_breadcrumb.default\">\n\t\t\t\t<div class=\"elementor-widget-container\">\n\t\t\t\t\t<div class=\"pxl-breadcrumb-wrap\">\n\t<ul class=\"pxl-breadcrumb\"><li><span class=\"breadcrumb-entry\">Anasayfa<\/span><\/li><\/ul><\/div>\t\t\t\t<\/div>\n\t\t\t\t<\/div>\n\t\t            <\/div>\r\n        <\/div>\r\n        \t\t\t<\/div>\n\t\t<\/section>\n\t\t        <section class=\"elementor-section elementor-top-section elementor-element elementor-element-732eb1a5 elementor-section-stretched elementor-section-boxed elementor-section-height-default elementor-section-height-default pxl-row-scroll-none pxl-zoom-point-false pxl-section-overflow-visible\" data-id=\"732eb1a5\" data-element_type=\"section\" data-settings=\"{&quot;stretch_section&quot;:&quot;section-stretched&quot;}\">\n\n                \n                <div class=\"elementor-container elementor-column-gap-extended \">\n                <div class=\"elementor-column elementor-col-100 elementor-top-column elementor-element elementor-element-2d8752 pxl-column-none pxl-column-overflow-hidden-no\" data-id=\"2d8752\" data-element_type=\"column\">\r\n        <div class=\"elementor-widget-wrap elementor-element-populated\">\r\n                     \r\n        \t\t<div class=\"elementor-element elementor-element-54c9fad6 elementor-widget elementor-widget-pxl_fillter_showcase\" data-id=\"54c9fad6\" data-element_type=\"widget\" data-widget_type=\"pxl_fillter_showcase.default\">\n\t\t\t\t<div class=\"elementor-widget-container\">\n\t\t\t\t\t\n<div class=\"pxl-grid pxl-showcase-grid pxl-showcase-grid1 pxl-showcase-layout1 default\" data-layout=\"fitRows\">\n        <div class=\"pxl-el-divider visible\"><\/div>\n        <div id=\"pxl-gallery-69e45e6654815\" class=\"pxl-grid-inner pxl-grid-masonry row\" data-gutter=\"15\" data-layout=\"Array\">\n        <div class=\"grid-sizer col-xl-4 col-lg-4 col-md-6 col-sm-6 col-12\"><\/div>\n                    <div class=\"pxl-grid-item col-xl-4 col-lg-4 col-md-6 col-sm-6 col-12 \">\n                <div class=\"pxl-item--inner \">\n                                            <div class=\"pxl-item--image\">\n                            <img fetchpriority=\"high\" decoding=\"async\" class=\"no-lazyload \" src=\"https:\/\/dmckalip.com\/turkce\/wp-content\/uploads\/2025\/05\/kalitebelgelerimiz-01-707x1000.jpg\" width=\"707\" height=\"1000\" alt=\"kalitebelgelerimiz-01\" title=\"kalitebelgelerimiz-01\" \/>                            <a href=\"https:\/\/dmckalip.com\/turkce\/wp-content\/uploads\/2025\/05\/kalitebelgelerimiz-01-707x1000.jpg\" class=\"lightbox\" data-elementor-lightbox-slideshow=\"pxl-gallery-69e45e6654815\"><i class=\"fas fa-eye\"><\/i><\/a>\n                        <\/div>\n                                     <\/div>\n             <\/div>\n                     <div class=\"pxl-grid-item col-xl-4 col-lg-4 col-md-6 col-sm-6 col-12 \">\n                <div class=\"pxl-item--inner \">\n                                            <div class=\"pxl-item--image\">\n                            <img decoding=\"async\" class=\"no-lazyload \" src=\"https:\/\/dmckalip.com\/turkce\/wp-content\/uploads\/2025\/05\/kalitebelgelerimiz-02-707x1000.jpg\" width=\"707\" height=\"1000\" alt=\"kalitebelgelerimiz-02\" title=\"kalitebelgelerimiz-02\" \/>                            <a href=\"https:\/\/dmckalip.com\/turkce\/wp-content\/uploads\/2025\/05\/kalitebelgelerimiz-02-707x1000.jpg\" class=\"lightbox\" data-elementor-lightbox-slideshow=\"pxl-gallery-69e45e6654815\"><i class=\"fas fa-eye\"><\/i><\/a>\n                        <\/div>\n                                     <\/div>\n             <\/div>\n                     <div class=\"pxl-grid-item col-xl-4 col-lg-4 col-md-6 col-sm-6 col-12 \">\n                <div class=\"pxl-item--inner \">\n                                            <div class=\"pxl-item--image\">\n                            <img decoding=\"async\" class=\"no-lazyload \" src=\"https:\/\/dmckalip.com\/turkce\/wp-content\/uploads\/2025\/05\/kalitebelgelerimiz-03-707x1000.jpg\" width=\"707\" height=\"1000\" alt=\"kalitebelgelerimiz-03\" title=\"kalitebelgelerimiz-03\" \/>                            <a href=\"https:\/\/dmckalip.com\/turkce\/wp-content\/uploads\/2025\/05\/kalitebelgelerimiz-03-707x1000.jpg\" class=\"lightbox\" data-elementor-lightbox-slideshow=\"pxl-gallery-69e45e6654815\"><i class=\"fas fa-eye\"><\/i><\/a>\n                        <\/div>\n                                     <\/div>\n             <\/div>\n                     <div class=\"pxl-grid-item col-xl-4 col-lg-4 col-md-6 col-sm-6 col-12 \">\n                <div class=\"pxl-item--inner \">\n                                            <div class=\"pxl-item--image\">\n                            <img loading=\"lazy\" decoding=\"async\" class=\"no-lazyload \" src=\"https:\/\/dmckalip.com\/turkce\/wp-content\/uploads\/2025\/05\/kalitebelgelerimiz-04-707x1000.jpg\" width=\"707\" height=\"1000\" alt=\"kalitebelgelerimiz-04\" title=\"kalitebelgelerimiz-04\" \/>                            <a href=\"https:\/\/dmckalip.com\/turkce\/wp-content\/uploads\/2025\/05\/kalitebelgelerimiz-04-707x1000.jpg\" class=\"lightbox\" data-elementor-lightbox-slideshow=\"pxl-gallery-69e45e6654815\"><i class=\"fas fa-eye\"><\/i><\/a>\n                        <\/div>\n                                     <\/div>\n             <\/div>\n                     <div class=\"pxl-grid-item col-xl-4 col-lg-4 col-md-6 col-sm-6 col-12 \">\n                <div class=\"pxl-item--inner \">\n                                            <div class=\"pxl-item--image\">\n                            <img loading=\"lazy\" decoding=\"async\" class=\"no-lazyload \" src=\"https:\/\/dmckalip.com\/turkce\/wp-content\/uploads\/2025\/05\/kalitebelgelerimiz-05-707x1000.jpg\" width=\"707\" height=\"1000\" alt=\"kalitebelgelerimiz-05\" title=\"kalitebelgelerimiz-05\" \/>                            <a href=\"https:\/\/dmckalip.com\/turkce\/wp-content\/uploads\/2025\/05\/kalitebelgelerimiz-05-707x1000.jpg\" class=\"lightbox\" data-elementor-lightbox-slideshow=\"pxl-gallery-69e45e6654815\"><i class=\"fas fa-eye\"><\/i><\/a>\n                        <\/div>\n                                     <\/div>\n             <\/div>\n                     <div class=\"pxl-grid-item col-xl-4 col-lg-4 col-md-6 col-sm-6 col-12 \">\n                <div class=\"pxl-item--inner \">\n                                            <div class=\"pxl-item--image\">\n                            <img loading=\"lazy\" decoding=\"async\" class=\"no-lazyload \" src=\"https:\/\/dmckalip.com\/turkce\/wp-content\/uploads\/2025\/05\/kalitebelgelerimiz-06-707x1000.jpg\" width=\"707\" height=\"1000\" alt=\"kalitebelgelerimiz-06\" title=\"kalitebelgelerimiz-06\" \/>                            <a href=\"https:\/\/dmckalip.com\/turkce\/wp-content\/uploads\/2025\/05\/kalitebelgelerimiz-06-707x1000.jpg\" class=\"lightbox\" data-elementor-lightbox-slideshow=\"pxl-gallery-69e45e6654815\"><i class=\"fas fa-eye\"><\/i><\/a>\n                        <\/div>\n                                     <\/div>\n             <\/div>\n                     <div class=\"pxl-grid-item col-xl-4 col-lg-4 col-md-6 col-sm-6 col-12 \">\n                <div class=\"pxl-item--inner \">\n                                            <div class=\"pxl-item--image\">\n                            <img loading=\"lazy\" decoding=\"async\" class=\"no-lazyload \" src=\"https:\/\/dmckalip.com\/turkce\/wp-content\/uploads\/2025\/05\/kalitebelgelerimiz-07-707x1000.jpg\" width=\"707\" height=\"1000\" alt=\"kalitebelgelerimiz-07\" title=\"kalitebelgelerimiz-07\" \/>                            <a href=\"https:\/\/dmckalip.com\/turkce\/wp-content\/uploads\/2025\/05\/kalitebelgelerimiz-07-707x1000.jpg\" class=\"lightbox\" data-elementor-lightbox-slideshow=\"pxl-gallery-69e45e6654815\"><i class=\"fas fa-eye\"><\/i><\/a>\n                        <\/div>\n                                     <\/div>\n             <\/div>\n              <\/div>\n <\/div>\n\t\t\t\t<\/div>\n\t\t\t\t<\/div>\n\t\t            <\/div>\r\n        <\/div>\r\n        \t\t\t<\/div>\n\t\t<\/section>\n\t\t\t\t<\/div>\n\t\t","protected":false},"excerpt":{"rendered":"<p>Belgelerimiz DMC Kal\u0131p ile ileti\u015fime ge\u00e7erek \u00fcr\u00fcnlerimiz, hizmetlerimiz ve i\u015f birli\u011fi f\u0131rsatlar\u0131 hakk\u0131nda detayl\u0131 bilgi alabilirsiniz. Anasayfa<\/p>\n","protected":false},"author":1,"featured_media":0,"parent":0,"menu_order":0,"comment_status":"closed","ping_status":"closed","template":"","meta":{"footnotes":""},"class_list":["post-17415","page","type-page","status-publish","hentry"],"_links":{"self":[{"href":"https:\/\/dmckalip.com\/turkce\/wp-json\/wp\/v2\/pages\/17415","targetHints":{"allow":["GET"]}}],"collection":[{"href":"https:\/\/dmckalip.com\/turkce\/wp-json\/wp\/v2\/pages"}],"about":[{"href":"https:\/\/dmckalip.com\/turkce\/wp-json\/wp\/v2\/types\/page"}],"author":[{"embeddable":true,"href":"https:\/\/dmckalip.com\/turkce\/wp-json\/wp\/v2\/users\/1"}],"replies":[{"embeddable":true,"href":"https:\/\/dmckalip.com\/turkce\/wp-json\/wp\/v2\/comments?post=17415"}],"version-history":[{"count":31,"href":"https:\/\/dmckalip.com\/turkce\/wp-json\/wp\/v2\/pages\/17415\/revisions"}],"predecessor-version":[{"id":17643,"href":"https:\/\/dmckalip.com\/turkce\/wp-json\/wp\/v2\/pages\/17415\/revisions\/17643"}],"wp:attachment":[{"href":"https:\/\/dmckalip.com\/turkce\/wp-json\/wp\/v2\/media?parent=17415"}],"curies":[{"name":"wp","href":"https:\/\/api.w.org\/{rel}","templated":true}]}}