{"id":17461,"date":"2025-05-04T21:35:00","date_gmt":"2025-05-04T21:35:00","guid":{"rendered":"https:\/\/dmckalip.com\/english\/?page_id=17461"},"modified":"2025-07-07T16:12:26","modified_gmt":"2025-07-07T16:12:26","slug":"tolerans-tablosu","status":"publish","type":"page","link":"https:\/\/dmckalip.com\/english\/tolerans-tablosu","title":{"rendered":"Tolerance Chart"},"content":{"rendered":"\t\t<div data-elementor-type=\"wp-page\" data-elementor-id=\"17461\" class=\"elementor elementor-17461\">\n\t\t\t\t        <section class=\"elementor-section elementor-top-section elementor-element elementor-element-3cd41c2 elementor-section-stretched elementor-section-full_width elementor-section-height-default elementor-section-height-default pxl-row-scroll-none pxl-zoom-point-false pxl-section-overflow-visible pxl-full-content-with-space-none\" data-id=\"3cd41c2\" data-element_type=\"section\" data-settings=\"{&quot;stretch_section&quot;:&quot;section-stretched&quot;,&quot;background_background&quot;:&quot;slideshow&quot;,&quot;background_slideshow_gallery&quot;:[{&quot;id&quot;:17342,&quot;url&quot;:&quot;https:\\\/\\\/dmckalip.com\\\/english\\\/wp-content\\\/uploads\\\/2025\\\/05\\\/b1.jpg&quot;}],&quot;background_slideshow_loop&quot;:&quot;yes&quot;,&quot;background_slideshow_slide_duration&quot;:5000,&quot;background_slideshow_slide_transition&quot;:&quot;fade&quot;,&quot;background_slideshow_transition_duration&quot;:500}\">\n\n                            <div class=\"elementor-background-overlay\"><\/div>\n            \n                <div class=\"elementor-container elementor-column-gap-extended \">\n                <div class=\"elementor-column elementor-col-100 elementor-top-column elementor-element elementor-element-6c18ecd pxl-column-none pxl-column-overflow-hidden-no\" data-id=\"6c18ecd\" data-element_type=\"column\">\r\n        <div class=\"elementor-widget-wrap elementor-element-populated\">\r\n                     \r\n                <section class=\"elementor-section elementor-inner-section elementor-element elementor-element-3dbd9822 elementor-section-boxed elementor-section-height-default elementor-section-height-default pxl-row-scroll-none pxl-zoom-point-false pxl-section-overflow-visible\" data-id=\"3dbd9822\" data-element_type=\"section\">\n\n                \n                <div class=\"elementor-container elementor-column-gap-default \">\n                <div class=\"elementor-column elementor-col-100 elementor-inner-column elementor-element elementor-element-f3a4be pxl-column-none pxl-column-overflow-hidden-no\" data-id=\"f3a4be\" data-element_type=\"column\">\r\n        <div class=\"elementor-widget-wrap elementor-element-populated\">\r\n                     \r\n        \t\t<div class=\"elementor-element elementor-element-d39a95c elementor-widget elementor-widget-pxl_heading\" data-id=\"d39a95c\" data-element_type=\"widget\" data-widget_type=\"pxl_heading.default\">\n\t\t\t\t<div class=\"elementor-widget-container\">\n\t\t\t\t\t\n<div id=\"pxl-pxl_heading-d39a95c-9511\" class=\"pxl-heading px-sub-title-default-style \">\n\t<div class=\"pxl-heading--inner\">\n\t\t\n\t\t<h3 class=\"pxl-item--title style-default ft-gt highlight-default \" data-wow-delay=\"ms\">\n\t\t\t\t\t\t\tTolerance Chart\t\n\t\t\t\t\n\t\t<\/h3>\n\t\t\n\t<\/div>\n<\/div>\t\t\t\t<\/div>\n\t\t\t\t<\/div>\n\t\t\t\t<div class=\"elementor-element elementor-element-2fdcbc4 elementor-widget elementor-widget-pxl_text_editor\" data-id=\"2fdcbc4\" data-element_type=\"widget\" data-widget_type=\"pxl_text_editor.default\">\n\t\t\t\t<div class=\"elementor-widget-container\">\n\t\t\t\t\t<div class=\"pxl-text-editor\">\n\t<div class=\"pxl-item--inner  \" data-wow-delay=\"ms\">\n\t\tDMC Kal\u0131p ile ileti\u015fime ge\u00e7erek \u00fcr\u00fcnlerimiz, hizmetlerimiz ve i\u015f birli\u011fi f\u0131rsatlar\u0131 hakk\u0131nda detayl\u0131 bilgi alabilirsiniz.\t\t\n\t<\/div>\n<\/div>\t\t\t\t<\/div>\n\t\t\t\t<\/div>\n\t\t\t\t<div class=\"elementor-element elementor-element-364eac81 elementor-widget-divider--view-line elementor-widget elementor-widget-divider\" data-id=\"364eac81\" data-element_type=\"widget\" data-widget_type=\"divider.default\">\n\t\t\t\t<div class=\"elementor-widget-container\">\n\t\t\t\t\t\t\t<div class=\"elementor-divider\">\n\t\t\t<span class=\"elementor-divider-separator\">\n\t\t\t\t\t\t<\/span>\n\t\t<\/div>\n\t\t\t\t\t\t<\/div>\n\t\t\t\t<\/div>\n\t\t\t\t<div class=\"elementor-element elementor-element-25529ab elementor-widget-divider--view-line elementor-widget elementor-widget-divider\" data-id=\"25529ab\" data-element_type=\"widget\" data-widget_type=\"divider.default\">\n\t\t\t\t<div class=\"elementor-widget-container\">\n\t\t\t\t\t\t\t<div class=\"elementor-divider\">\n\t\t\t<span class=\"elementor-divider-separator\">\n\t\t\t\t\t\t<\/span>\n\t\t<\/div>\n\t\t\t\t\t\t<\/div>\n\t\t\t\t<\/div>\n\t\t\t\t<div class=\"elementor-element elementor-element-2ee99a82 elementor-widget elementor-widget-pxl_breadcrumb\" data-id=\"2ee99a82\" data-element_type=\"widget\" data-widget_type=\"pxl_breadcrumb.default\">\n\t\t\t\t<div class=\"elementor-widget-container\">\n\t\t\t\t\t<div class=\"pxl-breadcrumb-wrap\">\n\t<ul class=\"pxl-breadcrumb\"><li><span class=\"breadcrumb-entry\">Home<\/span><\/li><\/ul><\/div>\t\t\t\t<\/div>\n\t\t\t\t<\/div>\n\t\t            <\/div>\r\n        <\/div>\r\n        \t\t\t<\/div>\n\t\t<\/section>\n\t\t            <\/div>\r\n        <\/div>\r\n        \t\t\t<\/div>\n\t\t<\/section>\n\t\t        <section class=\"elementor-section elementor-top-section elementor-element elementor-element-8a88089 elementor-section-full_width elementor-section-stretched elementor-section-height-default elementor-section-height-default pxl-row-scroll-none pxl-zoom-point-false pxl-section-overflow-visible pxl-full-content-with-space-none\" data-id=\"8a88089\" data-element_type=\"section\" data-settings=\"{&quot;stretch_section&quot;:&quot;section-stretched&quot;,&quot;background_background&quot;:&quot;video&quot;}\">\n\n                \n                <div class=\"elementor-container elementor-column-gap-extended \">\n                <div class=\"elementor-column elementor-col-100 elementor-top-column elementor-element elementor-element-68a62ff pxl-column-none pxl-column-overflow-hidden-no\" data-id=\"68a62ff\" data-element_type=\"column\">\r\n        <div class=\"elementor-widget-wrap\">\r\n                     \r\n                    <\/div>\r\n        <\/div>\r\n        \t\t\t<\/div>\n\t\t<\/section>\n\t\t<div class=\"elementor-element elementor-element-900d005 e-flex e-con-boxed e-con e-parent\" data-id=\"900d005\" data-element_type=\"container\">\n\t\t\t\t\t<div class=\"e-con-inner\">\n\t\t\t\t<div class=\"elementor-element elementor-element-572dfb2 elementor-widget elementor-widget-text-editor\" data-id=\"572dfb2\" data-element_type=\"widget\" data-widget_type=\"text-editor.default\">\n\t\t\t\t<div class=\"elementor-widget-container\">\n\t\t\t\t\t\t\t\t\t<p><strong>DMC PRODUCTS TOLERANCE TABLE<\/strong><\/p><p>Tolerances used on DMC products are from DIN Standarts. All tolerances that used are listed below according to their category. Even the tolerance interval allows, all DMC products&#8217;s tolerances are produced with the possible least diversion degrees and extreme accurancy.<\/p><p>D\u0131\u015f \u00e7ap = external diameter<br \/>\u0130\u00e7 \u00e7ap = internal diameter<\/p>\t\t\t\t\t\t\t\t<\/div>\n\t\t\t\t<\/div>\n\t\t\t\t<div class=\"elementor-element elementor-element-68694ed elementor-widget elementor-widget-image\" data-id=\"68694ed\" data-element_type=\"widget\" data-widget_type=\"image.default\">\n\t\t\t\t<div class=\"elementor-widget-container\">\n\t\t\t\t\t\t\t\t\t\t\t\t\t\t\t<img fetchpriority=\"high\" decoding=\"async\" width=\"2560\" height=\"692\" src=\"https:\/\/dmckalip.com\/english\/wp-content\/uploads\/2025\/06\/tolerans-tablosu-scaled.jpg\" class=\"attachment-full size-full wp-image-17648\" alt=\"\" srcset=\"https:\/\/dmckalip.com\/english\/wp-content\/uploads\/2025\/06\/tolerans-tablosu-scaled.jpg 2560w, https:\/\/dmckalip.com\/english\/wp-content\/uploads\/2025\/06\/tolerans-tablosu-300x81.jpg 300w, https:\/\/dmckalip.com\/english\/wp-content\/uploads\/2025\/06\/tolerans-tablosu-1024x277.jpg 1024w, https:\/\/dmckalip.com\/english\/wp-content\/uploads\/2025\/06\/tolerans-tablosu-768x208.jpg 768w, https:\/\/dmckalip.com\/english\/wp-content\/uploads\/2025\/06\/tolerans-tablosu-1536x415.jpg 1536w, https:\/\/dmckalip.com\/english\/wp-content\/uploads\/2025\/06\/tolerans-tablosu-2048x554.jpg 2048w, https:\/\/dmckalip.com\/english\/wp-content\/uploads\/2025\/06\/tolerans-tablosu-1170x316.jpg 1170w\" sizes=\"(max-width: 2560px) 100vw, 2560px\" \/>\t\t\t\t\t\t\t\t\t\t\t\t\t\t\t<\/div>\n\t\t\t\t<\/div>\n\t\t\t\t\t<\/div>\n\t\t\t\t<\/div>\n\t\t\t\t<\/div>\n\t\t","protected":false},"excerpt":{"rendered":"<p>Tolerance Chart DMC Kal\u0131p ile ileti\u015fime ge\u00e7erek \u00fcr\u00fcnlerimiz, hizmetlerimiz ve i\u015f birli\u011fi f\u0131rsatlar\u0131 hakk\u0131nda detayl\u0131 bilgi alabilirsiniz. Home DMC PRODUCTS TOLERANCE TABLE Tolerances used on DMC products are from DIN Standarts. All tolerances that used are listed below according to their category. Even the tolerance interval allows, all DMC products&#8217;s tolerances are produced with the [&hellip;]<\/p>\n","protected":false},"author":1,"featured_media":0,"parent":0,"menu_order":0,"comment_status":"closed","ping_status":"closed","template":"","meta":{"footnotes":""},"class_list":["post-17461","page","type-page","status-publish","hentry"],"_links":{"self":[{"href":"https:\/\/dmckalip.com\/english\/wp-json\/wp\/v2\/pages\/17461","targetHints":{"allow":["GET"]}}],"collection":[{"href":"https:\/\/dmckalip.com\/english\/wp-json\/wp\/v2\/pages"}],"about":[{"href":"https:\/\/dmckalip.com\/english\/wp-json\/wp\/v2\/types\/page"}],"author":[{"embeddable":true,"href":"https:\/\/dmckalip.com\/english\/wp-json\/wp\/v2\/users\/1"}],"replies":[{"embeddable":true,"href":"https:\/\/dmckalip.com\/english\/wp-json\/wp\/v2\/comments?post=17461"}],"version-history":[{"count":38,"href":"https:\/\/dmckalip.com\/english\/wp-json\/wp\/v2\/pages\/17461\/revisions"}],"predecessor-version":[{"id":17718,"href":"https:\/\/dmckalip.com\/english\/wp-json\/wp\/v2\/pages\/17461\/revisions\/17718"}],"wp:attachment":[{"href":"https:\/\/dmckalip.com\/english\/wp-json\/wp\/v2\/media?parent=17461"}],"curies":[{"name":"wp","href":"https:\/\/api.w.org\/{rel}","templated":true}]}}